{"id":29375,"date":"2025-12-02T17:18:04","date_gmt":"2025-12-02T17:18:04","guid":{"rendered":"https:\/\/msaludsgo.gov.ar\/web\/?page_id=29375"},"modified":"2025-12-02T17:18:08","modified_gmt":"2025-12-02T17:18:08","slug":"comite-institucional-de-etica-de-investigacion-en-salud","status":"publish","type":"page","link":"https:\/\/msaludsgo.gov.ar\/web\/comite-institucional-de-etica-de-investigacion-en-salud\/","title":{"rendered":"COMIT\u00c9 INSTITUCIONAL DE \u00c9TICA DE INVESTIGACI\u00d3N EN SALUD"},"content":{"rendered":"","protected":false},"excerpt":{"rendered":"","protected":false},"author":6,"featured_media":0,"parent":0,"menu_order":0,"comment_status":"closed","ping_status":"closed","template":"","meta":{"footnotes":""},"class_list":["post-29375","page","type-page","status-publish","hentry"],"aioseo_notices":[],"_links":{"self":[{"href":"https:\/\/msaludsgo.gov.ar\/web\/wp-json\/wp\/v2\/pages\/29375","targetHints":{"allow":["GET"]}}],"collection":[{"href":"https:\/\/msaludsgo.gov.ar\/web\/wp-json\/wp\/v2\/pages"}],"about":[{"href":"https:\/\/msaludsgo.gov.ar\/web\/wp-json\/wp\/v2\/types\/page"}],"author":[{"embeddable":true,"href":"https:\/\/msaludsgo.gov.ar\/web\/wp-json\/wp\/v2\/users\/6"}],"replies":[{"embeddable":true,"href":"https:\/\/msaludsgo.gov.ar\/web\/wp-json\/wp\/v2\/comments?post=29375"}],"version-history":[{"count":2,"href":"https:\/\/msaludsgo.gov.ar\/web\/wp-json\/wp\/v2\/pages\/29375\/revisions"}],"predecessor-version":[{"id":29378,"href":"https:\/\/msaludsgo.gov.ar\/web\/wp-json\/wp\/v2\/pages\/29375\/revisions\/29378"}],"wp:attachment":[{"href":"https:\/\/msaludsgo.gov.ar\/web\/wp-json\/wp\/v2\/media?parent=29375"}],"curies":[{"name":"wp","href":"https:\/\/api.w.org\/{rel}","templated":true}]}}