{"id":29431,"date":"2025-12-03T16:12:53","date_gmt":"2025-12-03T16:12:53","guid":{"rendered":"https:\/\/msaludsgo.gov.ar\/web\/?page_id=29431"},"modified":"2025-12-03T20:32:59","modified_gmt":"2025-12-03T20:32:59","slug":"comite-institucional-de-etica-de-investigacion-en-salud-2","status":"publish","type":"page","link":"https:\/\/msaludsgo.gov.ar\/web\/comite-institucional-de-etica-de-investigacion-en-salud-2\/","title":{"rendered":"COMIT\u00c9 INSTITUCIONAL DE \u00c9TICA DE INVESTIGACI\u00d3N EN SALUD"},"content":{"rendered":"\n<p><\/p>\n\n\n\n<p><\/p>\n\n\n\n<p><\/p>\n\n\n\n<p>Teniendo presente la creciente importancia de las implicaciones \u00e9ticas en el quehacer \u00a0cient\u00edfico, as\u00ed como tambi\u00e9n la prol\u00edfera legislaci\u00f3n desarrollada en este \u00e1mbito, el Comit\u00e9 Institucional de \u00c9tica de Investigaci\u00f3n en Salud-(CIEIS) creado en el \u00e1mbito del Ministerio de Salud de la Provincia desempe\u00f1ar\u00e1 un rol fundamental, contribuyendo a controlar que la investigaci\u00f3n por parte de la comunidad cient\u00edfica, se realice conforme a la normativa nacional e internacional vigente y con absoluto respeto a los principios, compromisos y exigencias de la bio\u00e9tica y de la bioseguridad.<\/p>\n\n\n\n<p>Todo acto cient\u00edfico-t\u00e9cnico, desde el momento que est\u00e1 dirigido a la vida humana, tiene una carga \u00e9tica imposible de ignorar y que se deber\u00eda concretar en el respeto hacia los valores y derechos esenciales del individuo.<\/p>\n\n\n\n<p>Es por ello que el COMIT\u00c9 INSTITUCIONAL DE \u00c9TICA DE INVESTIGACI\u00d3N EN SALUD se constituye como un \u00f3rgano colegiado aut\u00f3nomo, interdisciplinario, plural y de car\u00e1cter consultivo, institucionalizado en el \u00e1mbito del Ministerio de Salud; creado para evaluar y dictaminar protocolos de investigaci\u00f3n en seres humanos.<\/p>\n\n\n\n<p>El CIEIS tendr\u00e1 como principios rectores el respeto a la dignidad de los sujetos de la investigaci\u00f3n, protecci\u00f3n de sus derechos y b\u00fasqueda de su bienestar. Asimismo, adoptar\u00e1 como antecedentes para interpretar y fundamentar sus decisiones, los criterios aportados por documentos reconocidos a nivel internacional y regional, que establezcan principios \u00e9ticos y cient\u00edficos, prevaleciendo siempre la mayor protecci\u00f3n a los\/las sujetos de la investigaci\u00f3n.<\/p>\n\n\n\n<h1 class=\"wp-block-heading\"><strong>Misi\u00f3n<\/strong><\/h1>\n\n\n\n<p>La Misi\u00f3n del CIEIS es la de controlar las investigaciones en seres humanos y a los centros donde se llevan adelante estas investigaciones, las cuales deben estar &nbsp;conducidas de acuerdo a est\u00e1ndares de Gu\u00edas de las Buenas Pr\u00e1cticas Cl\u00ednicas de Investigaci\u00f3n en Salud y de los requerimientos regulatorios vigentes ( Dcto. PEN N\u00b0 2164\/2014). De esta manera se garantizar\u00e1 que los derechos y el bienestar de los sujetos que participan en tales investigaciones se encuentren protegidos y que los datos obtenidos sean confiables.<\/p>\n\n\n\n<p><strong>\u00c1mbito de Aplicaci\u00f3n<\/strong>: Enti\u00e9ndase por Investigaci\u00f3n en Salud a toda investigaci\u00f3n cl\u00ednica, en cualquiera de sus fases, que tenga como sujetos de aplicaci\u00f3n a personas, con el fin de producir conocimientos generalizables para su aplicaci\u00f3n en las ciencias de la salud, en el que se podr\u00e1 incluir abordajes tecnol\u00f3gicos y sociales con la finalidad obtener desarrollos entorno a:<\/p>\n\n\n\n<div class=\"wp-block-group\"><div class=\"wp-block-group__inner-container is-layout-constrained wp-block-group-is-layout-constrained\">\n<div class=\"wp-block-group\"><div class=\"wp-block-group__inner-container is-layout-constrained wp-block-group-is-layout-constrained\">\n<ol style=\"list-style-type:lower-alpha\" class=\"wp-block-list\">\n<li>Procesos biol\u00f3gicos y psicol\u00f3gicos en seres humanos.<\/li>\n\n\n\n<li>Relaciones que median entre las causas de enfermedad humana, pr\u00e1ctica m\u00e9dica y estructura social.<\/li>\n\n\n\n<li>Control de problemas de salud p\u00fablica, incluyendo aquellos derivados de efectos nocivos del medio ambiente sobre las personas.<\/li>\n\n\n\n<li>M\u00e9todos y t\u00e9cnicas aplicadas en la atenci\u00f3n de la salud de las personas<\/li>\n\n\n\n<li>Investigaciones cl\u00ednicas con medicamentos y todo tipo de productos.<\/li>\n\n\n\n<li>T\u00e9cnicas diagn\u00f3stica y terap\u00e9uticas<\/li>\n\n\n\n<li>Otros estudios en el \u00e1mbito de la Epidemiologia, Socio antropolog\u00eda y Psicolog\u00eda.<\/li>\n<\/ol>\n\n\n\n<ul class=\"wp-block-list\">\n<li><\/li>\n<\/ul>\n\n\n\n<p><\/p>\n<\/div><\/div>\n<\/div><\/div>\n\n\n\n<div data-wp-interactive=\"core\/file\" class=\"wp-block-file\"><object data-wp-bind--hidden=\"!state.hasPdfPreview\" hidden class=\"wp-block-file__embed\" data=\"https:\/\/msaludsgo.gov.ar\/web\/wp-content\/uploads\/2025\/12\/DECRE-2024-05385335-GDESDE-GSDE-DECTO-2024-1771-GDESDE-GSDE-EX-2024-03544386-GDESDE-MS-Comite-Institucional-de-Etica-de-Investigacion-en-Salud-C.I.E.I.S.-1.pdf\" type=\"application\/pdf\" style=\"width:100%;height:600px\" aria-label=\"Incrustado de DECRE-2024-05385335-GDESDE-GSDE - DECTO-2024-1771-GDESDE-GSDE -EX-2024-03544386- -GDESDE-MS Comite Institucional de Etica de Investigacion en Salud ( C.I.E.I.S.) (1).\"><\/object><a id=\"wp-block-file--media-4f9a710f-6b4a-45f7-82ce-7d72223238af\" href=\"https:\/\/msaludsgo.gov.ar\/web\/wp-content\/uploads\/2025\/12\/DECRE-2024-05385335-GDESDE-GSDE-DECTO-2024-1771-GDESDE-GSDE-EX-2024-03544386-GDESDE-MS-Comite-Institucional-de-Etica-de-Investigacion-en-Salud-C.I.E.I.S.-1.pdf\">DECRE-2024-05385335-GDESDE-GSDE &#8211; DECTO-2024-1771-GDESDE-GSDE -EX-2024-03544386- -GDESDE-MS Comite Institucional de Etica de Investigacion en Salud ( C.I.E.I.S.) (1)<\/a><a href=\"https:\/\/msaludsgo.gov.ar\/web\/wp-content\/uploads\/2025\/12\/DECRE-2024-05385335-GDESDE-GSDE-DECTO-2024-1771-GDESDE-GSDE-EX-2024-03544386-GDESDE-MS-Comite-Institucional-de-Etica-de-Investigacion-en-Salud-C.I.E.I.S.-1.pdf\" class=\"wp-block-file__button wp-element-button\" download aria-describedby=\"wp-block-file--media-4f9a710f-6b4a-45f7-82ce-7d72223238af\">Descarga<\/a><\/div>\n\n\n\n<div data-wp-interactive=\"core\/file\" class=\"wp-block-file\"><object data-wp-bind--hidden=\"!state.hasPdfPreview\" hidden class=\"wp-block-file__embed\" data=\"https:\/\/msaludsgo.gov.ar\/web\/wp-content\/uploads\/2025\/12\/RM-INTEGRACION-DEL-CIEIS.pdf\" type=\"application\/pdf\" style=\"width:100%;height:600px\" aria-label=\"Incrustado de RM INTEGRACION DEL CIEIS.\"><\/object><a id=\"wp-block-file--media-adcc14ef-5d21-47a5-bc29-d831d0fb95e6\" href=\"https:\/\/msaludsgo.gov.ar\/web\/wp-content\/uploads\/2025\/12\/RM-INTEGRACION-DEL-CIEIS.pdf\">RM INTEGRACION DEL CIEIS<\/a><a href=\"https:\/\/msaludsgo.gov.ar\/web\/wp-content\/uploads\/2025\/12\/RM-INTEGRACION-DEL-CIEIS.pdf\" class=\"wp-block-file__button wp-element-button\" download aria-describedby=\"wp-block-file--media-adcc14ef-5d21-47a5-bc29-d831d0fb95e6\">Descarga<\/a><\/div>\n\n\n\n<div data-wp-interactive=\"core\/file\" class=\"wp-block-file\"><object data-wp-bind--hidden=\"!state.hasPdfPreview\" hidden class=\"wp-block-file__embed\" data=\"https:\/\/msaludsgo.gov.ar\/web\/wp-content\/uploads\/2025\/12\/RS-2025-05400485-GDESDE-MS-APROBACION-DE-REGLAMENTO-INTERNO.pdf\" type=\"application\/pdf\" style=\"width:100%;height:600px\" aria-label=\"Incrustado de RS-2025-05400485-GDESDE-MS APROBACION DE REGLAMENTO INTERNO.\"><\/object><a id=\"wp-block-file--media-8cc074ee-edbd-4038-afda-5350e4eec91d\" href=\"https:\/\/msaludsgo.gov.ar\/web\/wp-content\/uploads\/2025\/12\/RS-2025-05400485-GDESDE-MS-APROBACION-DE-REGLAMENTO-INTERNO.pdf\">RS-2025-05400485-GDESDE-MS APROBACION DE REGLAMENTO INTERNO<\/a><a href=\"https:\/\/msaludsgo.gov.ar\/web\/wp-content\/uploads\/2025\/12\/RS-2025-05400485-GDESDE-MS-APROBACION-DE-REGLAMENTO-INTERNO.pdf\" class=\"wp-block-file__button wp-element-button\" download aria-describedby=\"wp-block-file--media-8cc074ee-edbd-4038-afda-5350e4eec91d\">Descarga<\/a><\/div>\n\n\n\n<div data-wp-interactive=\"core\/file\" class=\"wp-block-file\"><object data-wp-bind--hidden=\"!state.hasPdfPreview\" hidden class=\"wp-block-file__embed\" data=\"https:\/\/msaludsgo.gov.ar\/web\/wp-content\/uploads\/2025\/12\/ANEXO-V-POE-4-Conflicto-de-interes.pdf\" type=\"application\/pdf\" style=\"width:100%;height:600px\" aria-label=\"Incrustado de ANEXO V- POE 4-Conflicto de inter\u00e9s.\"><\/object><a id=\"wp-block-file--media-8b7fda78-e12a-4ce3-a005-76a9d5aa5a8f\" href=\"https:\/\/msaludsgo.gov.ar\/web\/wp-content\/uploads\/2025\/12\/ANEXO-V-POE-4-Conflicto-de-interes.pdf\">ANEXO V- POE 4-Conflicto de inter\u00e9s<\/a><a href=\"https:\/\/msaludsgo.gov.ar\/web\/wp-content\/uploads\/2025\/12\/ANEXO-V-POE-4-Conflicto-de-interes.pdf\" class=\"wp-block-file__button wp-element-button\" download aria-describedby=\"wp-block-file--media-8b7fda78-e12a-4ce3-a005-76a9d5aa5a8f\">Descarga<\/a><\/div>\n\n\n\n<div data-wp-interactive=\"core\/file\" class=\"wp-block-file\"><object data-wp-bind--hidden=\"!state.hasPdfPreview\" hidden class=\"wp-block-file__embed\" data=\"https:\/\/msaludsgo.gov.ar\/web\/wp-content\/uploads\/2025\/12\/ANEXO-III-POE-2-Circuito-de-presentacion-de-la-documentacion-y-evaluacion-del-proyecto.pdf\" type=\"application\/pdf\" style=\"width:100%;height:600px\" aria-label=\"Incrustado de ANEXO III-POE 2-Circuito de presentaci\u00f3n de la documentaci\u00f3n y evaluaci\u00f3n del proyecto.\"><\/object><a id=\"wp-block-file--media-617b48cb-bb9d-42ea-bee4-edd112151e05\" href=\"https:\/\/msaludsgo.gov.ar\/web\/wp-content\/uploads\/2025\/12\/ANEXO-III-POE-2-Circuito-de-presentacion-de-la-documentacion-y-evaluacion-del-proyecto.pdf\">ANEXO III-POE 2-Circuito de presentaci\u00f3n de la documentaci\u00f3n y evaluaci\u00f3n del proyecto<\/a><a href=\"https:\/\/msaludsgo.gov.ar\/web\/wp-content\/uploads\/2025\/12\/ANEXO-III-POE-2-Circuito-de-presentacion-de-la-documentacion-y-evaluacion-del-proyecto.pdf\" class=\"wp-block-file__button wp-element-button\" download aria-describedby=\"wp-block-file--media-617b48cb-bb9d-42ea-bee4-edd112151e05\">Descarga<\/a><\/div>\n\n\n\n<div data-wp-interactive=\"core\/file\" class=\"wp-block-file\"><object data-wp-bind--hidden=\"!state.hasPdfPreview\" hidden class=\"wp-block-file__embed\" data=\"https:\/\/msaludsgo.gov.ar\/web\/wp-content\/uploads\/2025\/12\/ANEXO-II-POE-1-Requisitos-para-la-presentacion-de-proyectos-de-Investigacion-al-CIEIS.pdf\" type=\"application\/pdf\" style=\"width:100%;height:600px\" aria-label=\"Incrustado de ANEXO II- POE 1-Requisitos para la presentacion de proyectos de Investigaci\u00f3n al CIEIS.\"><\/object><a id=\"wp-block-file--media-c5bc2046-9205-4b6a-8b98-870661c85e41\" href=\"https:\/\/msaludsgo.gov.ar\/web\/wp-content\/uploads\/2025\/12\/ANEXO-II-POE-1-Requisitos-para-la-presentacion-de-proyectos-de-Investigacion-al-CIEIS.pdf\">ANEXO II- POE 1-Requisitos para la presentacion de proyectos de Investigaci\u00f3n al CIEIS<\/a><a href=\"https:\/\/msaludsgo.gov.ar\/web\/wp-content\/uploads\/2025\/12\/ANEXO-II-POE-1-Requisitos-para-la-presentacion-de-proyectos-de-Investigacion-al-CIEIS.pdf\" class=\"wp-block-file__button wp-element-button\" download aria-describedby=\"wp-block-file--media-c5bc2046-9205-4b6a-8b98-870661c85e41\">Descarga<\/a><\/div>\n\n\n\n<div data-wp-interactive=\"core\/file\" class=\"wp-block-file\"><object data-wp-bind--hidden=\"!state.hasPdfPreview\" hidden class=\"wp-block-file__embed\" data=\"https:\/\/msaludsgo.gov.ar\/web\/wp-content\/uploads\/2025\/12\/ANEXO-I-REGLAMENTO-CIEIS.pdf\" type=\"application\/pdf\" style=\"width:100%;height:600px\" aria-label=\"Incrustado de ANEXO I- REGLAMENTO CIEIS.\"><\/object><a id=\"wp-block-file--media-3398da4f-f6b4-49a4-8d4a-c8532bbdb317\" href=\"https:\/\/msaludsgo.gov.ar\/web\/wp-content\/uploads\/2025\/12\/ANEXO-I-REGLAMENTO-CIEIS.pdf\">ANEXO I- REGLAMENTO CIEIS<\/a><a href=\"https:\/\/msaludsgo.gov.ar\/web\/wp-content\/uploads\/2025\/12\/ANEXO-I-REGLAMENTO-CIEIS.pdf\" class=\"wp-block-file__button wp-element-button\" download aria-describedby=\"wp-block-file--media-3398da4f-f6b4-49a4-8d4a-c8532bbdb317\">Descarga<\/a><\/div>\n\n\n\n<div data-wp-interactive=\"core\/file\" class=\"wp-block-file\"><object data-wp-bind--hidden=\"!state.hasPdfPreview\" hidden class=\"wp-block-file__embed\" data=\"https:\/\/msaludsgo.gov.ar\/web\/wp-content\/uploads\/2025\/12\/ANEXO-I-COMITE-DE-ETICA-EN-INVESTIGACION-EN-SALUD.pdf\" type=\"application\/pdf\" style=\"width:100%;height:600px\" aria-label=\"Incrustado de ANEXO I COMIT\u00c9  DE \u00c9TICA EN INVESTIGACI\u00d3N EN SALUD.\"><\/object><a id=\"wp-block-file--media-313b9a82-1846-4ce3-ae07-33ec7ccc73e8\" href=\"https:\/\/msaludsgo.gov.ar\/web\/wp-content\/uploads\/2025\/12\/ANEXO-I-COMITE-DE-ETICA-EN-INVESTIGACION-EN-SALUD.pdf\">ANEXO I COMIT\u00c9  DE \u00c9TICA EN INVESTIGACI\u00d3N EN SALUD<\/a><a href=\"https:\/\/msaludsgo.gov.ar\/web\/wp-content\/uploads\/2025\/12\/ANEXO-I-COMITE-DE-ETICA-EN-INVESTIGACION-EN-SALUD.pdf\" class=\"wp-block-file__button wp-element-button\" download aria-describedby=\"wp-block-file--media-313b9a82-1846-4ce3-ae07-33ec7ccc73e8\">Descarga<\/a><\/div>\n\n\n\n<div data-wp-interactive=\"core\/file\" class=\"wp-block-file\"><object data-wp-bind--hidden=\"!state.hasPdfPreview\" hidden class=\"wp-block-file__embed\" data=\"https:\/\/msaludsgo.gov.ar\/web\/wp-content\/uploads\/2025\/12\/ANEXO-II-COMITES-HOSPITALARIOS-DE-BIOETICA.pdf\" type=\"application\/pdf\" style=\"width:100%;height:600px\" aria-label=\"Incrustado de ANEXO II COMITES HOSPITALARIOS DE BIOETICA.\"><\/object><a id=\"wp-block-file--media-44e37feb-1997-46d9-b4bf-f54a660cfd19\" href=\"https:\/\/msaludsgo.gov.ar\/web\/wp-content\/uploads\/2025\/12\/ANEXO-II-COMITES-HOSPITALARIOS-DE-BIOETICA.pdf\">ANEXO II COMITES HOSPITALARIOS DE BIOETICA<\/a><a href=\"https:\/\/msaludsgo.gov.ar\/web\/wp-content\/uploads\/2025\/12\/ANEXO-II-COMITES-HOSPITALARIOS-DE-BIOETICA.pdf\" class=\"wp-block-file__button wp-element-button\" download aria-describedby=\"wp-block-file--media-44e37feb-1997-46d9-b4bf-f54a660cfd19\">Descarga<\/a><\/div>\n\n\n\n<p><\/p>\n","protected":false},"excerpt":{"rendered":"<p>Teniendo presente la creciente importancia de las implicaciones \u00e9ticas en el quehacer \u00a0cient\u00edfico, as\u00ed como tambi\u00e9n la prol\u00edfera legislaci\u00f3n desarrollada en este \u00e1mbito, el Comit\u00e9 Institucional de \u00c9tica de Investigaci\u00f3n en Salud-(CIEIS) creado en el \u00e1mbito del Ministerio de Salud de la Provincia desempe\u00f1ar\u00e1 un rol fundamental, contribuyendo a controlar que la investigaci\u00f3n por parte [&hellip;]<\/p>\n","protected":false},"author":6,"featured_media":0,"parent":0,"menu_order":0,"comment_status":"closed","ping_status":"closed","template":"","meta":{"footnotes":""},"class_list":["post-29431","page","type-page","status-publish","hentry"],"aioseo_notices":[],"_links":{"self":[{"href":"https:\/\/msaludsgo.gov.ar\/web\/wp-json\/wp\/v2\/pages\/29431","targetHints":{"allow":["GET"]}}],"collection":[{"href":"https:\/\/msaludsgo.gov.ar\/web\/wp-json\/wp\/v2\/pages"}],"about":[{"href":"https:\/\/msaludsgo.gov.ar\/web\/wp-json\/wp\/v2\/types\/page"}],"author":[{"embeddable":true,"href":"https:\/\/msaludsgo.gov.ar\/web\/wp-json\/wp\/v2\/users\/6"}],"replies":[{"embeddable":true,"href":"https:\/\/msaludsgo.gov.ar\/web\/wp-json\/wp\/v2\/comments?post=29431"}],"version-history":[{"count":7,"href":"https:\/\/msaludsgo.gov.ar\/web\/wp-json\/wp\/v2\/pages\/29431\/revisions"}],"predecessor-version":[{"id":29443,"href":"https:\/\/msaludsgo.gov.ar\/web\/wp-json\/wp\/v2\/pages\/29431\/revisions\/29443"}],"wp:attachment":[{"href":"https:\/\/msaludsgo.gov.ar\/web\/wp-json\/wp\/v2\/media?parent=29431"}],"curies":[{"name":"wp","href":"https:\/\/api.w.org\/{rel}","templated":true}]}}