{"id":301,"date":"2021-04-07T12:06:20","date_gmt":"2021-04-07T12:06:20","guid":{"rendered":"http:\/\/msaludsgo.gov.ar\/web\/?page_id=301"},"modified":"2021-06-15T16:09:00","modified_gmt":"2021-06-15T16:09:00","slug":"covid-recomendaciones-para-los-equipos-de-salud","status":"publish","type":"page","link":"https:\/\/msaludsgo.gov.ar\/web\/covid-recomendaciones-para-los-equipos-de-salud\/","title":{"rendered":"Covid &#8211; Recomendaciones para los equipos de Salud"},"content":{"rendered":"\n<p>En el contexto actual de pandemia de COVID-19 la capacidad de respuesta del sistema de salud puede ser tensionada por la llegada masiva de pacientes que soliciten atenci\u00f3n m\u00e9dica. Ante este escenario se debe planificar la organizaci\u00f3n del sistema de salud para garantizar la gesti\u00f3n integral de la respuesta, el funcionamiento de los mecanismos de coordinaci\u00f3n, el manejo integral de la informaci\u00f3n, las capacidades log\u00edsticas, y los recursos necesarios para su ejecuci\u00f3n, as\u00ed como para una respuesta integral a los pacientes, protegiendo la salud y bienestar de los trabajadores de la salud.<\/p>\n\n\n\n<p>Los equipos de salud en su totalidad son quienes tienen un papel fundamental en la identificaci\u00f3n, notificaci\u00f3n y asistencia, como tambi\u00e9n en la planificaci\u00f3n y organizaci\u00f3n de las acciones.<\/p>\n\n\n\n<p>Con la finalidad de facilitar la respuesta, se desarrollaron una serie de documentos t\u00e9cnicos con recomendaciones para los equipos de salud tanto asistenciales como de gesti\u00f3n. Dada la din\u00e1mica del conocimiento en el contexto de la pandemia de COVID-19, los mismos se encuentran en permanente actualizaci\u00f3n.<\/p>\n\n\n\n<p>Los materiales est\u00e1n realizados en base a la mejor evidencia disponible al momento, adaptada a la realidad y necesidad nacional, focalizados en la protecci\u00f3n del personal de salud y la identificaci\u00f3n, diagn\u00f3stico, prevenci\u00f3n, notificaci\u00f3n y asistencia de pacientes en el contexto de COVID-19.<\/p>\n\n\n\n<p>Para acceder a documentos e informaci\u00f3n \u00fatil clickear en este <a rel=\"noreferrer noopener\" href=\"https:\/\/www.argentina.gob.ar\/salud\/coronavirus\/equipos-salud\" data-type=\"URL\" data-id=\"https:\/\/www.argentina.gob.ar\/salud\/coronavirus\/equipos-salud\" target=\"_blank\"><strong>link<\/strong><\/a><\/p>\n","protected":false},"excerpt":{"rendered":"<p>En el contexto actual de pandemia de COVID-19 la capacidad de respuesta del sistema de salud puede ser tensionada por la llegada masiva de pacientes que soliciten atenci\u00f3n m\u00e9dica. Ante este escenario se debe planificar la organizaci\u00f3n del sistema de salud para garantizar la gesti\u00f3n integral de la respuesta, el funcionamiento de los mecanismos de [&hellip;]<\/p>\n","protected":false},"author":2,"featured_media":0,"parent":0,"menu_order":0,"comment_status":"closed","ping_status":"closed","template":"","meta":{"footnotes":""},"class_list":["post-301","page","type-page","status-publish","hentry"],"aioseo_notices":[],"_links":{"self":[{"href":"https:\/\/msaludsgo.gov.ar\/web\/wp-json\/wp\/v2\/pages\/301","targetHints":{"allow":["GET"]}}],"collection":[{"href":"https:\/\/msaludsgo.gov.ar\/web\/wp-json\/wp\/v2\/pages"}],"about":[{"href":"https:\/\/msaludsgo.gov.ar\/web\/wp-json\/wp\/v2\/types\/page"}],"author":[{"embeddable":true,"href":"https:\/\/msaludsgo.gov.ar\/web\/wp-json\/wp\/v2\/users\/2"}],"replies":[{"embeddable":true,"href":"https:\/\/msaludsgo.gov.ar\/web\/wp-json\/wp\/v2\/comments?post=301"}],"version-history":[{"count":4,"href":"https:\/\/msaludsgo.gov.ar\/web\/wp-json\/wp\/v2\/pages\/301\/revisions"}],"predecessor-version":[{"id":1372,"href":"https:\/\/msaludsgo.gov.ar\/web\/wp-json\/wp\/v2\/pages\/301\/revisions\/1372"}],"wp:attachment":[{"href":"https:\/\/msaludsgo.gov.ar\/web\/wp-json\/wp\/v2\/media?parent=301"}],"curies":[{"name":"wp","href":"https:\/\/api.w.org\/{rel}","templated":true}]}}