{"id":329,"date":"2021-04-08T13:07:00","date_gmt":"2021-04-08T13:07:00","guid":{"rendered":"http:\/\/msaludsgo.gov.ar\/web\/?page_id=329"},"modified":"2021-05-03T18:11:57","modified_gmt":"2021-05-03T18:11:57","slug":"covid-recursos-de-comunicacion-para-descargar","status":"publish","type":"page","link":"https:\/\/msaludsgo.gov.ar\/web\/covid-recursos-de-comunicacion-para-descargar\/","title":{"rendered":"Covid &#8211; Recursos de Comunicaci\u00f3n para descargar"},"content":{"rendered":"\n<p>Descarg\u00e1 todos los materiales de promoci\u00f3n y prevenci\u00f3n para difundir las medidas de cuidado frente a la pandemia por COVID-19.<\/p>\n\n\n\n<p>Entra en: <a href=\"https:\/\/drive.google.com\/drive\/folders\/175oX7l8Ifmd0uL0yzVch1Ket9KSsK-T0?usp=sharing\">https:\/\/drive.google.com\/drive\/folders\/175oX7l8Ifmd0uL0yzVch1Ket9KSsK-T0?usp=sharing<\/a><\/p>\n","protected":false},"excerpt":{"rendered":"<p>Descarg\u00e1 todos los materiales de promoci\u00f3n y prevenci\u00f3n para difundir las medidas de cuidado frente a la pandemia por COVID-19. Entra en: https:\/\/drive.google.com\/drive\/folders\/175oX7l8Ifmd0uL0yzVch1Ket9KSsK-T0?usp=sharing<\/p>\n","protected":false},"author":2,"featured_media":0,"parent":0,"menu_order":0,"comment_status":"closed","ping_status":"closed","template":"","meta":{"footnotes":""},"class_list":["post-329","page","type-page","status-publish","hentry"],"aioseo_notices":[],"_links":{"self":[{"href":"https:\/\/msaludsgo.gov.ar\/web\/wp-json\/wp\/v2\/pages\/329","targetHints":{"allow":["GET"]}}],"collection":[{"href":"https:\/\/msaludsgo.gov.ar\/web\/wp-json\/wp\/v2\/pages"}],"about":[{"href":"https:\/\/msaludsgo.gov.ar\/web\/wp-json\/wp\/v2\/types\/page"}],"author":[{"embeddable":true,"href":"https:\/\/msaludsgo.gov.ar\/web\/wp-json\/wp\/v2\/users\/2"}],"replies":[{"embeddable":true,"href":"https:\/\/msaludsgo.gov.ar\/web\/wp-json\/wp\/v2\/comments?post=329"}],"version-history":[{"count":2,"href":"https:\/\/msaludsgo.gov.ar\/web\/wp-json\/wp\/v2\/pages\/329\/revisions"}],"predecessor-version":[{"id":780,"href":"https:\/\/msaludsgo.gov.ar\/web\/wp-json\/wp\/v2\/pages\/329\/revisions\/780"}],"wp:attachment":[{"href":"https:\/\/msaludsgo.gov.ar\/web\/wp-json\/wp\/v2\/media?parent=329"}],"curies":[{"name":"wp","href":"https:\/\/api.w.org\/{rel}","templated":true}]}}