{"id":621,"date":"2021-04-22T17:07:04","date_gmt":"2021-04-22T17:07:04","guid":{"rendered":"http:\/\/msaludsgo.gov.ar\/web\/?page_id=621"},"modified":"2026-02-06T15:34:12","modified_gmt":"2026-02-06T15:34:12","slug":"calendario-nacional-de-vacunacion","status":"publish","type":"page","link":"https:\/\/msaludsgo.gov.ar\/web\/calendario-nacional-de-vacunacion\/","title":{"rendered":"Calendario Nacional de Vacunaci\u00f3n"},"content":{"rendered":"\t\t<div data-elementor-type=\"wp-page\" data-elementor-id=\"621\" class=\"elementor elementor-621\">\n\t\t\t\t\t\t<section class=\"elementor-section elementor-top-section elementor-element elementor-element-6582695 elementor-section-boxed elementor-section-height-default elementor-section-height-default\" data-id=\"6582695\" data-element_type=\"section\" data-e-type=\"section\">\n\t\t\t\t\t\t<div class=\"elementor-container elementor-column-gap-default\">\n\t\t\t\t\t<div class=\"elementor-column elementor-col-100 elementor-top-column elementor-element elementor-element-7d1cf34\" data-id=\"7d1cf34\" data-element_type=\"column\" data-e-type=\"column\">\n\t\t\t<div class=\"elementor-widget-wrap elementor-element-populated\">\n\t\t\t\t\t\t<div class=\"elementor-element elementor-element-37af707 elementor-widget elementor-widget-image\" data-id=\"37af707\" data-element_type=\"widget\" data-e-type=\"widget\" data-widget_type=\"image.default\">\n\t\t\t\t<div class=\"elementor-widget-container\">\n\t\t\t\t\t\t\t\t\t\t\t\t<figure class=\"wp-caption\">\n\t\t\t\t\t\t\t\t\t\t<img fetchpriority=\"high\" decoding=\"async\" width=\"1600\" height=\"400\" src=\"https:\/\/msaludsgo.gov.ar\/web\/wp-content\/uploads\/2024\/06\/banner-.png\" class=\"attachment-featured_large size-featured_large wp-image-18362\" alt=\"\" srcset=\"https:\/\/msaludsgo.gov.ar\/web\/wp-content\/uploads\/2024\/06\/banner-.png 1600w, https:\/\/msaludsgo.gov.ar\/web\/wp-content\/uploads\/2024\/06\/banner--300x75.png 300w, https:\/\/msaludsgo.gov.ar\/web\/wp-content\/uploads\/2024\/06\/banner--1024x256.png 1024w, https:\/\/msaludsgo.gov.ar\/web\/wp-content\/uploads\/2024\/06\/banner--150x38.png 150w, https:\/\/msaludsgo.gov.ar\/web\/wp-content\/uploads\/2024\/06\/banner--768x192.png 768w, https:\/\/msaludsgo.gov.ar\/web\/wp-content\/uploads\/2024\/06\/banner--1536x384.png 1536w\" sizes=\"(max-width: 1600px) 100vw, 1600px\" \/>\t\t\t\t\t\t\t\t\t\t\t<figcaption class=\"widget-image-caption wp-caption-text\">Todas las vacunas del Calendario Nacional son obligatorias, gratuitas y se aplican en los vacunatorios de UPAS y hospitales p\u00fablicos de la provincia. Nuestro calendario incluye vacunas para todas las etapas de la vida, situaciones especiales o para grupos espec\u00edficos.<\/figcaption>\n\t\t\t\t\t\t\t\t\t\t<\/figure>\n\t\t\t\t\t\t\t\t\t<\/div>\n\t\t\t\t<\/div>\n\t\t\t\t\t<\/div>\n\t\t<\/div>\n\t\t\t\t\t<\/div>\n\t\t<\/section>\n\t\t\t\t<section class=\"elementor-section elementor-top-section elementor-element elementor-element-ef5410d elementor-section-boxed elementor-section-height-default elementor-section-height-default\" data-id=\"ef5410d\" data-element_type=\"section\" data-e-type=\"section\">\n\t\t\t\t\t\t<div class=\"elementor-container elementor-column-gap-default\">\n\t\t\t\t\t<div class=\"elementor-column elementor-col-50 elementor-top-column elementor-element elementor-element-c1216ce\" data-id=\"c1216ce\" data-element_type=\"column\" data-e-type=\"column\">\n\t\t\t<div class=\"elementor-widget-wrap elementor-element-populated\">\n\t\t\t\t\t\t<div class=\"elementor-element elementor-element-2d60bd4 elementor-widget elementor-widget-text-editor\" data-id=\"2d60bd4\" data-element_type=\"widget\" data-e-type=\"widget\" data-widget_type=\"text-editor.default\">\n\t\t\t\t<div class=\"elementor-widget-container\">\n\t\t\t\t\t\t\t\t\t<ul>\n<li>La vacunaci\u00f3n es una de las principales medidas para evitar un conjunto de enfermedades prevenibles que pueden ser graves para nuestra salud.<\/li>\n<li>Es nuestra responsabilidad y obligaci\u00f3n que nos apliquemos las vacunas que nos corresponden durante todas las etapas de la vida, para evitar enfermarnos y contagiar a nuestra familia y otras personas.<!-- \/wp:paragraph --><\/li>\n<\/ul>\t\t\t\t\t\t\t\t<\/div>\n\t\t\t\t<\/div>\n\t\t\t\t\t<\/div>\n\t\t<\/div>\n\t\t\t\t<div class=\"elementor-column elementor-col-50 elementor-top-column elementor-element elementor-element-63c09ad\" data-id=\"63c09ad\" data-element_type=\"column\" data-e-type=\"column\">\n\t\t\t<div class=\"elementor-widget-wrap elementor-element-populated\">\n\t\t\t\t\t\t<div class=\"elementor-element elementor-element-f6f289f elementor-view-default elementor-position-block-start elementor-mobile-position-block-start elementor-widget elementor-widget-icon-box\" data-id=\"f6f289f\" data-element_type=\"widget\" data-e-type=\"widget\" data-widget_type=\"icon-box.default\">\n\t\t\t\t<div class=\"elementor-widget-container\">\n\t\t\t\t\t\t\t<div class=\"elementor-icon-box-wrapper\">\n\n\t\t\t\t\t\t<div class=\"elementor-icon-box-icon\">\n\t\t\t\t<a href=\"https:\/\/www.argentina.gob.ar\/salud\/vacunas\" class=\"elementor-icon\" tabindex=\"-1\" aria-label=\"Calendario de Vacunaci\u00f3n Nacional\">\n\t\t\t\t<i aria-hidden=\"true\" class=\"fas fa-angle-double-down\"><\/i>\t\t\t\t<\/a>\n\t\t\t<\/div>\n\t\t\t\n\t\t\t\t\t\t<div class=\"elementor-icon-box-content\">\n\n\t\t\t\t\t\t\t\t\t<h5 class=\"elementor-icon-box-title\">\n\t\t\t\t\t\t<a href=\"https:\/\/www.argentina.gob.ar\/salud\/vacunas\" >\n\t\t\t\t\t\t\tCalendario de Vacunaci\u00f3n Nacional\t\t\t\t\t\t<\/a>\n\t\t\t\t\t<\/h5>\n\t\t\t\t\n\t\t\t\t\t\t\t\t\t<p class=\"elementor-icon-box-description\">\n\t\t\t\t\t\tAqui puedes descargar el calendario en pdf\t\t\t\t\t<\/p>\n\t\t\t\t\n\t\t\t<\/div>\n\t\t\t\n\t\t<\/div>\n\t\t\t\t\t\t<\/div>\n\t\t\t\t<\/div>\n\t\t\t\t\t<\/div>\n\t\t<\/div>\n\t\t\t\t\t<\/div>\n\t\t<\/section>\n\t\t\t\t<section class=\"elementor-section elementor-top-section elementor-element elementor-element-90036c5 elementor-section-boxed elementor-section-height-default elementor-section-height-default\" data-id=\"90036c5\" data-element_type=\"section\" data-e-type=\"section\">\n\t\t\t\t\t\t<div class=\"elementor-container elementor-column-gap-default\">\n\t\t\t\t\t<div class=\"elementor-column elementor-col-100 elementor-top-column elementor-element elementor-element-27599a9\" data-id=\"27599a9\" data-element_type=\"column\" data-e-type=\"column\">\n\t\t\t<div class=\"elementor-widget-wrap elementor-element-populated\">\n\t\t\t\t\t\t<div class=\"elementor-element elementor-element-d936961 elementor-widget elementor-widget-image-gallery\" data-id=\"d936961\" data-element_type=\"widget\" data-e-type=\"widget\" data-widget_type=\"image-gallery.default\">\n\t\t\t\t<div class=\"elementor-widget-container\">\n\t\t\t\t\t\t\t<div class=\"elementor-image-gallery\">\n\t\t\t\n\t\t<style type=\"text\/css\">\n\t\t\t#gallery-1 {\n\t\t\t\tmargin: auto;\n\t\t\t}\n\t\t\t#gallery-1 .gallery-item {\n\t\t\t\tfloat: left;\n\t\t\t\tmargin-top: 10px;\n\t\t\t\ttext-align: center;\n\t\t\t\twidth: 100%;\n\t\t\t}\n\t\t\t#gallery-1 img {\n\t\t\t\tborder: 2px solid #cfcfcf;\n\t\t\t}\n\t\t\t#gallery-1 .gallery-caption {\n\t\t\t\tmargin-left: 0;\n\t\t\t}\n\t\t\t\/* see gallery_shortcode() in wp-includes\/media.php *\/\n\t\t<\/style>\n\t\t<div id='gallery-1' class='gallery galleryid-621 gallery-columns-1 gallery-size-medium_large'><dl class='gallery-item'>\n\t\t\t<dt class='gallery-icon landscape'>\n\t\t\t\t<a data-elementor-open-lightbox=\"yes\" data-elementor-lightbox-slideshow=\"d936961\" data-elementor-lightbox-title=\"1\" data-e-action-hash=\"#elementor-action%3Aaction%3Dlightbox%26settings%3DeyJpZCI6MTg0MTYsInVybCI6Imh0dHBzOlwvXC9tc2FsdWRzZ28uZ292LmFyXC93ZWJcL3dwLWNvbnRlbnRcL3VwbG9hZHNcLzIwMjBcLzEyXC8xLnBuZyIsInNsaWRlc2hvdyI6ImQ5MzY5NjEifQ%3D%3D\" href='https:\/\/msaludsgo.gov.ar\/web\/wp-content\/uploads\/2020\/12\/1.png'><img decoding=\"async\" width=\"768\" height=\"768\" src=\"https:\/\/msaludsgo.gov.ar\/web\/wp-content\/uploads\/2020\/12\/1-768x768.png\" class=\"attachment-medium_large size-medium_large\" alt=\"\" srcset=\"https:\/\/msaludsgo.gov.ar\/web\/wp-content\/uploads\/2020\/12\/1-768x768.png 768w, https:\/\/msaludsgo.gov.ar\/web\/wp-content\/uploads\/2020\/12\/1-300x300.png 300w, https:\/\/msaludsgo.gov.ar\/web\/wp-content\/uploads\/2020\/12\/1-1024x1024.png 1024w, https:\/\/msaludsgo.gov.ar\/web\/wp-content\/uploads\/2020\/12\/1-150x150.png 150w, https:\/\/msaludsgo.gov.ar\/web\/wp-content\/uploads\/2020\/12\/1-400x400.png 400w, https:\/\/msaludsgo.gov.ar\/web\/wp-content\/uploads\/2020\/12\/1.png 1080w\" sizes=\"(max-width: 768px) 100vw, 768px\" \/><\/a>\n\t\t\t<\/dt><\/dl><br style=\"clear: both\" \/><dl class='gallery-item'>\n\t\t\t<dt class='gallery-icon landscape'>\n\t\t\t\t<a data-elementor-open-lightbox=\"yes\" data-elementor-lightbox-slideshow=\"d936961\" data-elementor-lightbox-title=\"2\" data-e-action-hash=\"#elementor-action%3Aaction%3Dlightbox%26settings%3DeyJpZCI6MTgzODksInVybCI6Imh0dHBzOlwvXC9tc2FsdWRzZ28uZ292LmFyXC93ZWJcL3dwLWNvbnRlbnRcL3VwbG9hZHNcLzIwMjBcLzEyXC8yLnBuZyIsInNsaWRlc2hvdyI6ImQ5MzY5NjEifQ%3D%3D\" href='https:\/\/msaludsgo.gov.ar\/web\/wp-content\/uploads\/2020\/12\/2.png'><img decoding=\"async\" width=\"768\" height=\"768\" src=\"https:\/\/msaludsgo.gov.ar\/web\/wp-content\/uploads\/2020\/12\/2-768x768.png\" class=\"attachment-medium_large size-medium_large\" alt=\"\" srcset=\"https:\/\/msaludsgo.gov.ar\/web\/wp-content\/uploads\/2020\/12\/2-768x768.png 768w, https:\/\/msaludsgo.gov.ar\/web\/wp-content\/uploads\/2020\/12\/2-300x300.png 300w, https:\/\/msaludsgo.gov.ar\/web\/wp-content\/uploads\/2020\/12\/2-1024x1024.png 1024w, https:\/\/msaludsgo.gov.ar\/web\/wp-content\/uploads\/2020\/12\/2-150x150.png 150w, https:\/\/msaludsgo.gov.ar\/web\/wp-content\/uploads\/2020\/12\/2-400x400.png 400w, https:\/\/msaludsgo.gov.ar\/web\/wp-content\/uploads\/2020\/12\/2.png 1080w\" sizes=\"(max-width: 768px) 100vw, 768px\" \/><\/a>\n\t\t\t<\/dt><\/dl><br style=\"clear: both\" \/><dl class='gallery-item'>\n\t\t\t<dt class='gallery-icon landscape'>\n\t\t\t\t<a data-elementor-open-lightbox=\"yes\" data-elementor-lightbox-slideshow=\"d936961\" data-elementor-lightbox-title=\"3\" data-e-action-hash=\"#elementor-action%3Aaction%3Dlightbox%26settings%3DeyJpZCI6MTgzOTAsInVybCI6Imh0dHBzOlwvXC9tc2FsdWRzZ28uZ292LmFyXC93ZWJcL3dwLWNvbnRlbnRcL3VwbG9hZHNcLzIwMjBcLzEyXC8zLnBuZyIsInNsaWRlc2hvdyI6ImQ5MzY5NjEifQ%3D%3D\" href='https:\/\/msaludsgo.gov.ar\/web\/wp-content\/uploads\/2020\/12\/3.png'><img loading=\"lazy\" decoding=\"async\" width=\"768\" height=\"768\" src=\"https:\/\/msaludsgo.gov.ar\/web\/wp-content\/uploads\/2020\/12\/3-768x768.png\" class=\"attachment-medium_large size-medium_large\" alt=\"\" srcset=\"https:\/\/msaludsgo.gov.ar\/web\/wp-content\/uploads\/2020\/12\/3-768x768.png 768w, https:\/\/msaludsgo.gov.ar\/web\/wp-content\/uploads\/2020\/12\/3-300x300.png 300w, https:\/\/msaludsgo.gov.ar\/web\/wp-content\/uploads\/2020\/12\/3-1024x1024.png 1024w, https:\/\/msaludsgo.gov.ar\/web\/wp-content\/uploads\/2020\/12\/3-150x150.png 150w, https:\/\/msaludsgo.gov.ar\/web\/wp-content\/uploads\/2020\/12\/3-400x400.png 400w, https:\/\/msaludsgo.gov.ar\/web\/wp-content\/uploads\/2020\/12\/3.png 1080w\" sizes=\"(max-width: 768px) 100vw, 768px\" \/><\/a>\n\t\t\t<\/dt><\/dl><br style=\"clear: both\" \/><dl class='gallery-item'>\n\t\t\t<dt class='gallery-icon landscape'>\n\t\t\t\t<a data-elementor-open-lightbox=\"yes\" data-elementor-lightbox-slideshow=\"d936961\" data-elementor-lightbox-title=\"4\" data-e-action-hash=\"#elementor-action%3Aaction%3Dlightbox%26settings%3DeyJpZCI6MTgzOTEsInVybCI6Imh0dHBzOlwvXC9tc2FsdWRzZ28uZ292LmFyXC93ZWJcL3dwLWNvbnRlbnRcL3VwbG9hZHNcLzIwMjBcLzEyXC80LnBuZyIsInNsaWRlc2hvdyI6ImQ5MzY5NjEifQ%3D%3D\" href='https:\/\/msaludsgo.gov.ar\/web\/wp-content\/uploads\/2020\/12\/4.png'><img loading=\"lazy\" decoding=\"async\" width=\"768\" height=\"768\" src=\"https:\/\/msaludsgo.gov.ar\/web\/wp-content\/uploads\/2020\/12\/4-768x768.png\" class=\"attachment-medium_large size-medium_large\" alt=\"\" srcset=\"https:\/\/msaludsgo.gov.ar\/web\/wp-content\/uploads\/2020\/12\/4-768x768.png 768w, https:\/\/msaludsgo.gov.ar\/web\/wp-content\/uploads\/2020\/12\/4-300x300.png 300w, https:\/\/msaludsgo.gov.ar\/web\/wp-content\/uploads\/2020\/12\/4-1024x1024.png 1024w, https:\/\/msaludsgo.gov.ar\/web\/wp-content\/uploads\/2020\/12\/4-150x150.png 150w, https:\/\/msaludsgo.gov.ar\/web\/wp-content\/uploads\/2020\/12\/4-400x400.png 400w, https:\/\/msaludsgo.gov.ar\/web\/wp-content\/uploads\/2020\/12\/4.png 1080w\" sizes=\"(max-width: 768px) 100vw, 768px\" \/><\/a>\n\t\t\t<\/dt><\/dl><br style=\"clear: both\" \/><dl class='gallery-item'>\n\t\t\t<dt class='gallery-icon landscape'>\n\t\t\t\t<a data-elementor-open-lightbox=\"yes\" data-elementor-lightbox-slideshow=\"d936961\" data-elementor-lightbox-title=\"5\" data-e-action-hash=\"#elementor-action%3Aaction%3Dlightbox%26settings%3DeyJpZCI6MTgzOTIsInVybCI6Imh0dHBzOlwvXC9tc2FsdWRzZ28uZ292LmFyXC93ZWJcL3dwLWNvbnRlbnRcL3VwbG9hZHNcLzIwMjBcLzEyXC81LnBuZyIsInNsaWRlc2hvdyI6ImQ5MzY5NjEifQ%3D%3D\" href='https:\/\/msaludsgo.gov.ar\/web\/wp-content\/uploads\/2020\/12\/5.png'><img loading=\"lazy\" decoding=\"async\" width=\"768\" height=\"768\" src=\"https:\/\/msaludsgo.gov.ar\/web\/wp-content\/uploads\/2020\/12\/5-768x768.png\" class=\"attachment-medium_large size-medium_large\" alt=\"\" srcset=\"https:\/\/msaludsgo.gov.ar\/web\/wp-content\/uploads\/2020\/12\/5-768x768.png 768w, https:\/\/msaludsgo.gov.ar\/web\/wp-content\/uploads\/2020\/12\/5-300x300.png 300w, https:\/\/msaludsgo.gov.ar\/web\/wp-content\/uploads\/2020\/12\/5-1024x1024.png 1024w, https:\/\/msaludsgo.gov.ar\/web\/wp-content\/uploads\/2020\/12\/5-150x150.png 150w, https:\/\/msaludsgo.gov.ar\/web\/wp-content\/uploads\/2020\/12\/5-400x400.png 400w, https:\/\/msaludsgo.gov.ar\/web\/wp-content\/uploads\/2020\/12\/5.png 1080w\" sizes=\"(max-width: 768px) 100vw, 768px\" \/><\/a>\n\t\t\t<\/dt><\/dl><br style=\"clear: both\" \/><dl class='gallery-item'>\n\t\t\t<dt class='gallery-icon landscape'>\n\t\t\t\t<a data-elementor-open-lightbox=\"yes\" data-elementor-lightbox-slideshow=\"d936961\" data-elementor-lightbox-title=\"6\" data-e-action-hash=\"#elementor-action%3Aaction%3Dlightbox%26settings%3DeyJpZCI6MTgzOTMsInVybCI6Imh0dHBzOlwvXC9tc2FsdWRzZ28uZ292LmFyXC93ZWJcL3dwLWNvbnRlbnRcL3VwbG9hZHNcLzIwMjBcLzEyXC82LnBuZyIsInNsaWRlc2hvdyI6ImQ5MzY5NjEifQ%3D%3D\" href='https:\/\/msaludsgo.gov.ar\/web\/wp-content\/uploads\/2020\/12\/6.png'><img loading=\"lazy\" decoding=\"async\" width=\"768\" height=\"768\" src=\"https:\/\/msaludsgo.gov.ar\/web\/wp-content\/uploads\/2020\/12\/6-768x768.png\" class=\"attachment-medium_large size-medium_large\" alt=\"\" srcset=\"https:\/\/msaludsgo.gov.ar\/web\/wp-content\/uploads\/2020\/12\/6-768x768.png 768w, https:\/\/msaludsgo.gov.ar\/web\/wp-content\/uploads\/2020\/12\/6-300x300.png 300w, https:\/\/msaludsgo.gov.ar\/web\/wp-content\/uploads\/2020\/12\/6-1024x1024.png 1024w, https:\/\/msaludsgo.gov.ar\/web\/wp-content\/uploads\/2020\/12\/6-150x150.png 150w, https:\/\/msaludsgo.gov.ar\/web\/wp-content\/uploads\/2020\/12\/6-400x400.png 400w, https:\/\/msaludsgo.gov.ar\/web\/wp-content\/uploads\/2020\/12\/6.png 1080w\" sizes=\"(max-width: 768px) 100vw, 768px\" \/><\/a>\n\t\t\t<\/dt><\/dl><br style=\"clear: both\" \/><dl class='gallery-item'>\n\t\t\t<dt class='gallery-icon landscape'>\n\t\t\t\t<a data-elementor-open-lightbox=\"yes\" data-elementor-lightbox-slideshow=\"d936961\" data-elementor-lightbox-title=\"7\" data-e-action-hash=\"#elementor-action%3Aaction%3Dlightbox%26settings%3DeyJpZCI6MTgzOTQsInVybCI6Imh0dHBzOlwvXC9tc2FsdWRzZ28uZ292LmFyXC93ZWJcL3dwLWNvbnRlbnRcL3VwbG9hZHNcLzIwMjBcLzEyXC83LnBuZyIsInNsaWRlc2hvdyI6ImQ5MzY5NjEifQ%3D%3D\" href='https:\/\/msaludsgo.gov.ar\/web\/wp-content\/uploads\/2020\/12\/7.png'><img loading=\"lazy\" decoding=\"async\" width=\"768\" height=\"768\" src=\"https:\/\/msaludsgo.gov.ar\/web\/wp-content\/uploads\/2020\/12\/7-768x768.png\" class=\"attachment-medium_large size-medium_large\" alt=\"\" srcset=\"https:\/\/msaludsgo.gov.ar\/web\/wp-content\/uploads\/2020\/12\/7-768x768.png 768w, https:\/\/msaludsgo.gov.ar\/web\/wp-content\/uploads\/2020\/12\/7-300x300.png 300w, https:\/\/msaludsgo.gov.ar\/web\/wp-content\/uploads\/2020\/12\/7-1024x1024.png 1024w, https:\/\/msaludsgo.gov.ar\/web\/wp-content\/uploads\/2020\/12\/7-150x150.png 150w, https:\/\/msaludsgo.gov.ar\/web\/wp-content\/uploads\/2020\/12\/7-400x400.png 400w, https:\/\/msaludsgo.gov.ar\/web\/wp-content\/uploads\/2020\/12\/7.png 1080w\" sizes=\"(max-width: 768px) 100vw, 768px\" \/><\/a>\n\t\t\t<\/dt><\/dl><br style=\"clear: both\" \/><dl class='gallery-item'>\n\t\t\t<dt class='gallery-icon landscape'>\n\t\t\t\t<a data-elementor-open-lightbox=\"yes\" data-elementor-lightbox-slideshow=\"d936961\" data-elementor-lightbox-title=\"8\" data-e-action-hash=\"#elementor-action%3Aaction%3Dlightbox%26settings%3DeyJpZCI6MTgzOTUsInVybCI6Imh0dHBzOlwvXC9tc2FsdWRzZ28uZ292LmFyXC93ZWJcL3dwLWNvbnRlbnRcL3VwbG9hZHNcLzIwMjBcLzEyXC84LnBuZyIsInNsaWRlc2hvdyI6ImQ5MzY5NjEifQ%3D%3D\" href='https:\/\/msaludsgo.gov.ar\/web\/wp-content\/uploads\/2020\/12\/8.png'><img loading=\"lazy\" decoding=\"async\" width=\"768\" height=\"768\" src=\"https:\/\/msaludsgo.gov.ar\/web\/wp-content\/uploads\/2020\/12\/8-768x768.png\" class=\"attachment-medium_large size-medium_large\" alt=\"\" srcset=\"https:\/\/msaludsgo.gov.ar\/web\/wp-content\/uploads\/2020\/12\/8-768x768.png 768w, https:\/\/msaludsgo.gov.ar\/web\/wp-content\/uploads\/2020\/12\/8-300x300.png 300w, https:\/\/msaludsgo.gov.ar\/web\/wp-content\/uploads\/2020\/12\/8-1024x1024.png 1024w, https:\/\/msaludsgo.gov.ar\/web\/wp-content\/uploads\/2020\/12\/8-150x150.png 150w, https:\/\/msaludsgo.gov.ar\/web\/wp-content\/uploads\/2020\/12\/8-400x400.png 400w, https:\/\/msaludsgo.gov.ar\/web\/wp-content\/uploads\/2020\/12\/8.png 1080w\" sizes=\"(max-width: 768px) 100vw, 768px\" \/><\/a>\n\t\t\t<\/dt><\/dl><br style=\"clear: both\" \/><dl class='gallery-item'>\n\t\t\t<dt class='gallery-icon landscape'>\n\t\t\t\t<a data-elementor-open-lightbox=\"yes\" data-elementor-lightbox-slideshow=\"d936961\" data-elementor-lightbox-title=\"9\" data-e-action-hash=\"#elementor-action%3Aaction%3Dlightbox%26settings%3DeyJpZCI6MTgzOTYsInVybCI6Imh0dHBzOlwvXC9tc2FsdWRzZ28uZ292LmFyXC93ZWJcL3dwLWNvbnRlbnRcL3VwbG9hZHNcLzIwMjBcLzEyXC85LnBuZyIsInNsaWRlc2hvdyI6ImQ5MzY5NjEifQ%3D%3D\" href='https:\/\/msaludsgo.gov.ar\/web\/wp-content\/uploads\/2020\/12\/9.png'><img loading=\"lazy\" decoding=\"async\" width=\"768\" height=\"768\" src=\"https:\/\/msaludsgo.gov.ar\/web\/wp-content\/uploads\/2020\/12\/9-768x768.png\" class=\"attachment-medium_large size-medium_large\" alt=\"\" srcset=\"https:\/\/msaludsgo.gov.ar\/web\/wp-content\/uploads\/2020\/12\/9-768x768.png 768w, https:\/\/msaludsgo.gov.ar\/web\/wp-content\/uploads\/2020\/12\/9-300x300.png 300w, https:\/\/msaludsgo.gov.ar\/web\/wp-content\/uploads\/2020\/12\/9-1024x1024.png 1024w, https:\/\/msaludsgo.gov.ar\/web\/wp-content\/uploads\/2020\/12\/9-150x150.png 150w, https:\/\/msaludsgo.gov.ar\/web\/wp-content\/uploads\/2020\/12\/9-400x400.png 400w, https:\/\/msaludsgo.gov.ar\/web\/wp-content\/uploads\/2020\/12\/9.png 1080w\" sizes=\"(max-width: 768px) 100vw, 768px\" \/><\/a>\n\t\t\t<\/dt><\/dl><br style=\"clear: both\" \/><dl class='gallery-item'>\n\t\t\t<dt class='gallery-icon landscape'>\n\t\t\t\t<a data-elementor-open-lightbox=\"yes\" data-elementor-lightbox-slideshow=\"d936961\" data-elementor-lightbox-title=\"10\" data-e-action-hash=\"#elementor-action%3Aaction%3Dlightbox%26settings%3DeyJpZCI6MTg0NTMsInVybCI6Imh0dHBzOlwvXC9tc2FsdWRzZ28uZ292LmFyXC93ZWJcL3dwLWNvbnRlbnRcL3VwbG9hZHNcLzIwMjBcLzEyXC8xMC0xLnBuZyIsInNsaWRlc2hvdyI6ImQ5MzY5NjEifQ%3D%3D\" href='https:\/\/msaludsgo.gov.ar\/web\/wp-content\/uploads\/2020\/12\/10-1.png'><img loading=\"lazy\" decoding=\"async\" width=\"768\" height=\"768\" src=\"https:\/\/msaludsgo.gov.ar\/web\/wp-content\/uploads\/2020\/12\/10-1-768x768.png\" class=\"attachment-medium_large size-medium_large\" alt=\"\" srcset=\"https:\/\/msaludsgo.gov.ar\/web\/wp-content\/uploads\/2020\/12\/10-1-768x768.png 768w, https:\/\/msaludsgo.gov.ar\/web\/wp-content\/uploads\/2020\/12\/10-1-300x300.png 300w, https:\/\/msaludsgo.gov.ar\/web\/wp-content\/uploads\/2020\/12\/10-1-1024x1024.png 1024w, https:\/\/msaludsgo.gov.ar\/web\/wp-content\/uploads\/2020\/12\/10-1-150x150.png 150w, https:\/\/msaludsgo.gov.ar\/web\/wp-content\/uploads\/2020\/12\/10-1-400x400.png 400w, https:\/\/msaludsgo.gov.ar\/web\/wp-content\/uploads\/2020\/12\/10-1.png 1080w\" sizes=\"(max-width: 768px) 100vw, 768px\" \/><\/a>\n\t\t\t<\/dt><\/dl><br style=\"clear: both\" \/>\n\t\t<\/div>\n\t\t<\/div>\n\t\t\t\t\t\t<\/div>\n\t\t\t\t<\/div>\n\t\t\t\t\t<\/div>\n\t\t<\/div>\n\t\t\t\t\t<\/div>\n\t\t<\/section>\n\t\t\t\t<section class=\"elementor-section elementor-top-section elementor-element elementor-element-50b4c86 elementor-section-boxed elementor-section-height-default elementor-section-height-default\" data-id=\"50b4c86\" data-element_type=\"section\" data-e-type=\"section\">\n\t\t\t\t\t\t<div class=\"elementor-container elementor-column-gap-default\">\n\t\t\t\t\t<div class=\"elementor-column elementor-col-100 elementor-top-column elementor-element elementor-element-a10f8b2\" data-id=\"a10f8b2\" data-element_type=\"column\" data-e-type=\"column\">\n\t\t\t<div class=\"elementor-widget-wrap elementor-element-populated\">\n\t\t\t\t\t\t<div class=\"elementor-element elementor-element-6193365 elementor-widget elementor-widget-heading\" data-id=\"6193365\" data-element_type=\"widget\" data-e-type=\"widget\" data-widget_type=\"heading.default\">\n\t\t\t\t<div class=\"elementor-widget-container\">\n\t\t\t\t\t<h2 class=\"elementor-heading-title elementor-size-default\">Carnet de vacunaci\u00f3n\n<\/h2>\t\t\t\t<\/div>\n\t\t\t\t<\/div>\n\t\t\t\t\t<\/div>\n\t\t<\/div>\n\t\t\t\t\t<\/div>\n\t\t<\/section>\n\t\t\t\t<section class=\"elementor-section elementor-top-section elementor-element elementor-element-543fee35 elementor-section-boxed elementor-section-height-default elementor-section-height-default\" data-id=\"543fee35\" data-element_type=\"section\" data-e-type=\"section\">\n\t\t\t\t\t\t<div class=\"elementor-container elementor-column-gap-default\">\n\t\t\t\t\t<div class=\"elementor-column elementor-col-100 elementor-top-column elementor-element elementor-element-5e6a3d02\" data-id=\"5e6a3d02\" data-element_type=\"column\" data-e-type=\"column\">\n\t\t\t<div class=\"elementor-widget-wrap elementor-element-populated\">\n\t\t\t\t\t\t<div class=\"elementor-element elementor-element-12a38f15 elementor-widget elementor-widget-text-editor\" data-id=\"12a38f15\" data-element_type=\"widget\" data-e-type=\"widget\" data-widget_type=\"text-editor.default\">\n\t\t\t\t<div class=\"elementor-widget-container\">\n\t\t\t\t\t\t\t\t\t<p><!-- wp:cover {\"url\":\"https:\/\/msaludsgo.gov.ar\/web\/wp-content\/uploads\/2021\/04\/vacunacion-scaled.gif\",\"id\":623,\"dimRatio\":40,\"overlayColor\":\"#EF731F\",\"isUserOverlayColor\":true,\"focalPoint\":{\"x\":\"0.52\",\"y\":\"0.37\"},\"minHeight\":230,\"minHeightUnit\":\"px\",\"isDark\":false} --><\/p>\n<p><!-- \/wp:image --><\/p>\n<p><!-- wp:heading {\"level\":4} --><\/p>\n<h4 class=\"wp-block-heading\"><span style=\"color: var( --e-global-color-text ); font-family: var( --e-global-typography-text-font-family ), Sans-serif; font-weight: var( --e-global-typography-text-font-weight ); font-size: 0.9375rem;\">El carnet es un documento muy importante en el que se van registrando todas las vacunas que recibe una persona.<\/span><\/h4>\n<p><!-- \/wp:paragraph --><\/p>\n<p><!-- wp:paragraph --><\/p>\n<p>Cada nueva aplicaci\u00f3n debe ser registrada en el mismo por parte del personal de salud interviniente en el acto de vacunaci\u00f3n, en funci\u00f3n de: dejar constancia escrita de la vacuna aplicada, generar el historial de vacunaci\u00f3n del individuo y facilitar la identificaci\u00f3n de los esquemas incompletos.<\/p>\n<p><!-- \/wp:paragraph --><\/p>\n<p><!-- wp:paragraph --><\/p>\n<p>La vacuna contra la fiebre amarilla debe ser registrada en el Certificado Internacional de Vacunaci\u00f3n.<\/p>\n<p><!-- \/wp:paragraph --><\/p>\n<p><!-- wp:paragraph --><\/p>\n<p>Los certificados internacionales de vacunaci\u00f3n son v\u00e1lidos durante toda la vida del titular por lo que no se requiere volver a vacunar.<\/p>\n<p><!-- \/wp:paragraph --><\/p>\n<p><!-- wp:list --><\/p>\n<ul>\n<li style=\"list-style-type: none;\">\n<ul><!-- wp:list-item --><\/ul>\n<\/li>\n<\/ul>\n<ul>\n<li style=\"list-style-type: none;\">\n<ul>\n<li>Guardalo en un lugar seguro.<\/li>\n<\/ul>\n<\/li>\n<\/ul>\n<p><!-- \/wp:list-item --><\/p>\n<p><!-- wp:list-item --><\/p>\n<ul>\n<li style=\"list-style-type: none;\">\n<ul>\n<li>Guard\u00e1 una fotocopia o foto de la \u00faltima versi\u00f3n, por si lo perd\u00e9s.<\/li>\n<\/ul>\n<\/li>\n<\/ul>\n<p><!-- \/wp:list-item --><\/p>\n<p><!-- wp:list-item --><\/p>\n<ul>\n<li style=\"list-style-type: none;\">\n<ul>\n<li>Verific\u00e1 que el profesional de la salud registre cada vacuna recibida.<\/li>\n<\/ul>\n<\/li>\n<\/ul>\n<p><!-- \/wp:list-item --><\/p>\n<p><!-- \/wp:list --><\/p>\n<p><!-- wp:paragraph --><\/p>\n<p><!-- \/wp:paragraph --><\/p>\t\t\t\t\t\t\t\t<\/div>\n\t\t\t\t<\/div>\n\t\t\t\t\t<\/div>\n\t\t<\/div>\n\t\t\t\t\t<\/div>\n\t\t<\/section>\n\t\t\t\t<\/div>\n\t\t","protected":false},"excerpt":{"rendered":"<p>Todas las vacunas del Calendario Nacional son obligatorias, gratuitas y se aplican en los vacunatorios de UPAS y hospitales p\u00fablicos de la provincia. Nuestro calendario incluye vacunas para todas las etapas de la vida, situaciones especiales o para grupos espec\u00edficos. La vacunaci\u00f3n es una de las principales medidas para evitar un conjunto de enfermedades prevenibles [&hellip;]<\/p>\n","protected":false},"author":3,"featured_media":0,"parent":0,"menu_order":0,"comment_status":"closed","ping_status":"closed","template":"elementor_header_footer","meta":{"_monsterinsights_skip_tracking":false,"_monsterinsights_sitenote_active":false,"_monsterinsights_sitenote_note":"","_monsterinsights_sitenote_category":0,"footnotes":""},"class_list":["post-621","page","type-page","status-publish","hentry"],"aioseo_notices":[],"_links":{"self":[{"href":"https:\/\/msaludsgo.gov.ar\/web\/wp-json\/wp\/v2\/pages\/621","targetHints":{"allow":["GET"]}}],"collection":[{"href":"https:\/\/msaludsgo.gov.ar\/web\/wp-json\/wp\/v2\/pages"}],"about":[{"href":"https:\/\/msaludsgo.gov.ar\/web\/wp-json\/wp\/v2\/types\/page"}],"author":[{"embeddable":true,"href":"https:\/\/msaludsgo.gov.ar\/web\/wp-json\/wp\/v2\/users\/3"}],"replies":[{"embeddable":true,"href":"https:\/\/msaludsgo.gov.ar\/web\/wp-json\/wp\/v2\/comments?post=621"}],"version-history":[{"count":70,"href":"https:\/\/msaludsgo.gov.ar\/web\/wp-json\/wp\/v2\/pages\/621\/revisions"}],"predecessor-version":[{"id":30577,"href":"https:\/\/msaludsgo.gov.ar\/web\/wp-json\/wp\/v2\/pages\/621\/revisions\/30577"}],"wp:attachment":[{"href":"https:\/\/msaludsgo.gov.ar\/web\/wp-json\/wp\/v2\/media?parent=621"}],"curies":[{"name":"wp","href":"https:\/\/api.w.org\/{rel}","templated":true}]}}