{"id":76,"date":"2021-03-02T00:51:50","date_gmt":"2021-03-02T00:51:50","guid":{"rendered":"http:\/\/msaludsgo.gov.ar\/web\/?page_id=76"},"modified":"2023-08-02T15:08:28","modified_gmt":"2023-08-02T15:08:28","slug":"campana-de-vacunacion-covid-19","status":"publish","type":"page","link":"https:\/\/msaludsgo.gov.ar\/web\/campana-de-vacunacion-covid-19\/","title":{"rendered":"Campa\u00f1a de Vacunaci\u00f3n COVID-19"},"content":{"rendered":"\n<div class=\"container \">\n       <div class=\"row bg-success\">\n\n            <div class=\"col-md-12   text-dark  p-0 \">              \n             \n             <img class=\"w-100\" src=https:\/\/msaludsgo.gov.ar\/web\/wp-content\/uploads\/2020\/12\/vacunas-2.png\">\n                                         \n            \n            <\/div>\n\n\n        <\/div>   \n\n\n\n<\/div>\n\n\n<p><\/p>\n\n\n\n<p class=\"has-white-color has-vivid-cyan-blue-background-color has-text-color has-background has-large-font-size\"><strong> Vacunaci\u00f3n Covid-19<\/strong><\/p>\n\n\n\n<p class=\"has-vivid-cyan-blue-color has-text-color has-medium-font-size\"><strong>DOSIS DE REFUERZO<\/strong><\/p>\n\n\n\n<ul class=\"wp-block-list\">\n<li><strong><em>Grupos con alto riesgo de desarrollar formas graves de enfermedad:<\/em><\/strong> <strong>personas de 50 a\u00f1os o mayores, personas con inmunocompromiso y personas gestantes<\/strong><\/li>\n<\/ul>\n\n\n\n<p><strong>1 dosis de refuerzo contra COVID-19 si han transcurrido 6 meses<\/strong> <strong>desde la \u00faltima dosis aplicada,<\/strong> independientemente de la cantidad de refuerzos recibidos previamente y respetando el intervalo m\u00ednimo de al menos 4 meses desde la \u00faltima dosis. <\/p>\n\n\n\n<p><\/p>\n\n\n\n<ul class=\"wp-block-list\">\n<li><strong><em>Grupos con riesgo medio de desarrollar formas graves de enfermedad:<\/em> personas menores de 50 a\u00f1os con comorbilidades (enfermedades cr\u00f3nicas y obesidad) y las personas con mayor riesgo de exposici\u00f3n (personal de salud) y funci\u00f3n estrat\u00e9gica.<\/strong> <\/li>\n<\/ul>\n\n\n\n<p><strong>1 dosis de refuerzo a los 6 meses de la \u00faltima dosis aplicada, y luego un refuerzo anual.<\/strong><\/p>\n\n\n\n<p><\/p>\n\n\n\n<ul class=\"wp-block-list\">\n<li><strong><em>Grupos con bajo riesgo de complicaciones: <\/em>menores de 50 a\u00f1os sin comorbilidades<\/strong><\/li>\n<\/ul>\n\n\n\n<p><strong>1 dosis de refuerzo por a\u00f1o.<\/strong><\/p>\n\n\n\n<p>Frente al comienzo de la temporada de oto\u00f1o-invierno y la consiguiente probabilidad de incremento en la circulaci\u00f3n del virus SARS-CoV-2, que se suma al comportamiento estacional del virus influenza, el Ministerio de Salud de la Naci\u00f3n insta a la poblaci\u00f3n a actualizar la aplicaci\u00f3n de dosis de refuerzo contra COVID-19 y poner especial \u00e9nfasis en la oportunidad de coadministrar las vacunas contra COVID-19 y gripe como estrategia principal en los grupos priorizados, recordando que la protecci\u00f3n conferida por la vacunaci\u00f3n no es inmediata, sino que requiere de al menos 14 d\u00edas para generar una protecci\u00f3n adecuada.<\/p>\n\n\n\n<p>Estos refuerzos son necesarios para sostener la protecci\u00f3n y prevenir el desarrollo de formas graves de la enfermedad. <br><br>La vacuna se encuentra disponible en los vacunatorios, centros de salud y hospitales de toda la provincia. <\/p>\n\n\n\n<p><\/p>\n\n\n\n<p><\/p>\n\n\n\n<p class=\"has-white-color has-vivid-cyan-blue-background-color has-text-color has-background has-large-font-size\"><strong> Vacunaci\u00f3n contra la Gripe<\/strong><\/p>\n\n\n\n<h3 class=\"wp-block-heading has-medium-font-size\">\u00bfQui\u00e9nes deben vacunarse contra la gripe?<\/h3>\n\n\n\n<div class=\"wp-block-group is-vertical is-layout-flex wp-container-core-group-is-layout-8cf370e7 wp-block-group-is-layout-flex\">\n<ul class=\"wp-block-list\">\n<li>Personal de Salud<\/li>\n\n\n\n<li>Embarazadas<\/li>\n\n\n\n<li>Pu\u00e9rperas (si no recibiste la vacuna durante el embarazo tienes tiempo hasta 10 d\u00edas despu\u00e9s de tener a tu bebe)<\/li>\n\n\n\n<li>Ni\u00f1os y ni\u00f1as de 6 a 24 meses (son dos dosis si nunca recibi\u00f3 antigripal)<\/li>\n\n\n\n<li>Personas mayores de 65 a\u00f1os<\/li>\n\n\n\n<li>Personas de 2 a 64 a\u00f1os con los siguientes factores de riesgo (deben llevar orden m\u00e9dica):<\/li>\n<\/ul>\n\n\n\n<ol class=\"wp-block-list\">\n<li>Enfermedades respiratorias<\/li>\n\n\n\n<li>Enfermedades card\u00edacas<\/li>\n\n\n\n<li>Inmunodeficiencias cong\u00e9nitas o adquiridas<\/li>\n\n\n\n<li>Pacientes oncohematol\u00f3gicos y trasplantados<\/li>\n\n\n\n<li>Obesos con \u00edndice de masa corporal mayor a 40 Kg\/m2<\/li>\n\n\n\n<li>Diab\u00e9ticos<\/li>\n\n\n\n<li>Personas con insuficiencia renal cr\u00f3nica en di\u00e1lisis o con expectativas deingresar a di\u00e1lisis en los siguientes seis meses<\/li>\n\n\n\n<li>Retraso madurativo grave en menores de 18 a\u00f1os<\/li>\n\n\n\n<li>S\u00edndromes gen\u00e9ticos, enfermedades neuromusculares con compromisorespiratorio y malformaciones cong\u00e9nitas graves<\/li>\n\n\n\n<li>Tratamiento cr\u00f3nico con aspirina en menores de 18 a\u00f1os<\/li>\n\n\n\n<li>Convivientes de enfermos oncohematol\u00f3gicos<\/li>\n\n\n\n<li>Convivientes de prematuros menores de 1.500 g.<\/li>\n<\/ol>\n\n\n\n<p><\/p>\n<\/div>\n\n\n\n<p class=\"has-white-color has-vivid-cyan-blue-background-color has-text-color has-background has-large-font-size\"><strong>Centros de Vacunaci\u00f3n Permanente<\/strong><\/p>\n\n\n\n<ul class=\"wp-block-list\">\n<li><strong>Centro de Vacunaci\u00f3n de ciudad Capital (Pedro Le\u00f3n Gallo casi Av Belgrano):<\/strong>&nbsp;de lunes a viernes de 8 a 19 horas &#8211; S\u00e1bado de 8 a 13 horas <\/li>\n\n\n\n<li><strong>Centro de Vacunaci\u00f3n ubicado en el Ministerio de Salud (Av Belgrano&nbsp;(S) 2050<\/strong>): de lunes a viernes de 9 a 14 horas<\/li>\n\n\n\n<li><strong>Centro de Vacunaci\u00f3n del CIC Campo Contreras&nbsp;(Ing. Contreras N\u00ba 4850&nbsp;de Ciudad Capital):<\/strong> de lunes a viernes de 8 a 18 horas<\/li>\n\n\n\n<li><strong>Centro de Vacunaci\u00f3n del CAPS Los Lagos<\/strong>&nbsp;(<strong>Av. Madre de Ciudades y Pasaje N\u00ba 487, Barrio Borges Sector Los Lagos<\/strong>): de lunes a viernes de 8 a 18 horas<\/li>\n\n\n\n<li><strong>Hospital Independencia (Av. Belgrano (Norte) N\u00ba 660) <\/strong>: de lunes a viernes de  7 a 17 horas<\/li>\n\n\n\n<li><strong><strong>En todas las UPAs y CAPs de Capital y La Banda de lunes a viernes 7 a 19 horas | s\u00e1bado y domingo 9 a 13 horas<\/strong><\/strong><\/li>\n\n\n\n<li>En el&nbsp;<strong>interior de la provincia<\/strong>:<br>\u2022 Hospital A\u00f1atuya<br>\u2022 Hospital Campo Gallo<br>\u2022 Hospital de Fern\u00e1ndez \u00abDr. Rudecindo Cazzaniga\u00bb<br>\u2022 Hospital de Fr\u00edas<br>\u2022 Hospital de Loreto<br>\u2022 Hospital de ojo de agua \u201cDr. Cleofas Massa\u201d<br>\u2022 Hospital de Monte Quemado<br>\u2022 Hospital de pinto \u201cDr. Francisco Calise\u201d<br>\u2022 Centro Integral de Salud Termas de Rio Hondo<br>\u2022 Hospital de Nueva Esperanza<br>\u2022 Hospital de Quimili \u201cDr. Bernardo Houssay\u201d<br>\u2022 Hospital de Bandera, Belgrano<br>\u2022 Hospital de Salavina<br>\u2022 Hospital de Pampa de los Guanacos<br>\u2022 Hospital de Suncho Corral<br>\u2022 Hospital de Pozo Hondo<br>\u2022 Hospital de Sumampa<br>\u2022 Hospital de Tintina<br>\u2022 Hospital de San Pedro de Guasay\u00e1n<br>\u2022 Hospital de Atamisqui<\/li>\n<\/ul>\n\n\n\n<p><\/p>\n","protected":false},"excerpt":{"rendered":"","protected":false},"author":2,"featured_media":0,"parent":0,"menu_order":0,"comment_status":"closed","ping_status":"closed","template":"","meta":{"_monsterinsights_skip_tracking":false,"_monsterinsights_sitenote_active":false,"_monsterinsights_sitenote_note":"","_monsterinsights_sitenote_category":0,"footnotes":""},"class_list":["post-76","page","type-page","status-publish","hentry"],"aioseo_notices":[],"_links":{"self":[{"href":"https:\/\/msaludsgo.gov.ar\/web\/wp-json\/wp\/v2\/pages\/76","targetHints":{"allow":["GET"]}}],"collection":[{"href":"https:\/\/msaludsgo.gov.ar\/web\/wp-json\/wp\/v2\/pages"}],"about":[{"href":"https:\/\/msaludsgo.gov.ar\/web\/wp-json\/wp\/v2\/types\/page"}],"author":[{"embeddable":true,"href":"https:\/\/msaludsgo.gov.ar\/web\/wp-json\/wp\/v2\/users\/2"}],"replies":[{"embeddable":true,"href":"https:\/\/msaludsgo.gov.ar\/web\/wp-json\/wp\/v2\/comments?post=76"}],"version-history":[{"count":82,"href":"https:\/\/msaludsgo.gov.ar\/web\/wp-json\/wp\/v2\/pages\/76\/revisions"}],"predecessor-version":[{"id":10687,"href":"https:\/\/msaludsgo.gov.ar\/web\/wp-json\/wp\/v2\/pages\/76\/revisions\/10687"}],"wp:attachment":[{"href":"https:\/\/msaludsgo.gov.ar\/web\/wp-json\/wp\/v2\/media?parent=76"}],"curies":[{"name":"wp","href":"https:\/\/api.w.org\/{rel}","templated":true}]}}